{"id":9,"date":"2014-11-03T16:10:34","date_gmt":"2014-11-03T16:10:34","guid":{"rendered":"http:\/\/santa.flamenco.lv\/?page_id=9"},"modified":"2015-05-11T09:03:06","modified_gmt":"2015-05-11T09:03:06","slug":"jaunumi","status":"publish","type":"page","link":"http:\/\/santa.flamenco.lv\/?page_id=9","title":{"rendered":"Jaunumi"},"content":{"rendered":"<p>11.05.2015.<br \/>\n<br \/>15.maij\u0101 plkst. 18:30 BJC \u201cKurzeme\u201d notiks deju studiju \u201cFlamenco\u201d, \u201cRitmo\u201d, \u201cMango\u201d un \u201cMangolino\u201d atskaites koncerts. Laipni l\u016bdzam vec\u0101kus un l\u012bdzjut\u0113jus apmekl\u0113t \u0161o pas\u0101kumu un atbalst\u012bt m\u016bsu dejot\u0101jus.<\/p>\n<p>&nbsp;<\/p>\n<p>28.04.2015.<br \/>\n<br \/>9. maij\u0101 Kalnciema kvart\u0101l\u0101 tiks organiz\u0113ta Sp\u0101nijas diena, kuras ietvaros uz br\u012bvdabas skatuves b\u016bs iesp\u0113ja redz\u0113t kr\u0101\u0161\u0146as flamenko dejas, tirdzi\u0146\u0101 nobaud\u012bt un ieg\u0101d\u0101ties da\u017e\u0101dus sp\u0101\u0146u gardumus un dzird\u0113t sp\u0101\u0146u melodijas grupas \u201cLos Daugavas Nens\u201d izpild\u012bjum\u0101. T\u0101 k\u0101 pas\u0101kums norisin\u0101sies M\u0101mi\u0146dienas ieska\u0146\u0101, b\u016bs \u012bpa\u0161i padom\u0101ts par m\u0101mi\u0146u labsaj\u016btu un prieku.<br \/>\n<br \/>T\u0101pat k\u0101 pag\u0101ju\u0161aj\u0101 gad\u0101, ar\u012b \u0161ogad \u0161aj\u0101 skaistaj\u0101 pas\u0101kum\u0101 piedal\u012bsies deju studija \u201cSantaFlamenco\u201d. Vair\u0101k inform\u0101cijas <a href=\"https:\/\/www.facebook.com\/events\/1444584485839192\/\" target=\"_blank\">\u0161eit<\/a>.<\/p>\n<p>&nbsp;<\/p>\n<p><img src=\"http:\/\/santa.flamenco.lv\/wp-content\/uploads\/2014\/11\/IMG_6155.jpg\" alt=\"Sp\u0101nijas diena, 2014\" \/><\/p>\n","protected":false},"excerpt":{"rendered":"<p>11.05.2015. 15.maij\u0101 plkst. 18:30 BJC \u201cKurzeme\u201d notiks deju studiju \u201cFlamenco\u201d, \u201cRitmo\u201d, \u201cMango\u201d un \u201cMangolino\u201d atskaites koncerts. Laipni l\u016bdzam vec\u0101kus un l\u012bdzjut\u0113jus apmekl\u0113t \u0161o pas\u0101kumu un atbalst\u012bt m\u016bsu dejot\u0101jus. &nbsp; 28.04.2015. 9. maij\u0101 Kalnciema kvart\u0101l\u0101 tiks organiz\u0113ta Sp\u0101nijas diena, kuras ietvaros &hellip; <a href=\"http:\/\/santa.flamenco.lv\/?page_id=9\">Continue reading <span class=\"meta-nav\">&rarr;<\/span><\/a><\/p>\n","protected":false},"author":1,"featured_media":0,"parent":0,"menu_order":0,"comment_status":"closed","ping_status":"closed","template":"","meta":[],"_links":{"self":[{"href":"http:\/\/santa.flamenco.lv\/index.php?rest_route=\/wp\/v2\/pages\/9"}],"collection":[{"href":"http:\/\/santa.flamenco.lv\/index.php?rest_route=\/wp\/v2\/pages"}],"about":[{"href":"http:\/\/santa.flamenco.lv\/index.php?rest_route=\/wp\/v2\/types\/page"}],"author":[{"embeddable":true,"href":"http:\/\/santa.flamenco.lv\/index.php?rest_route=\/wp\/v2\/users\/1"}],"replies":[{"embeddable":true,"href":"http:\/\/santa.flamenco.lv\/index.php?rest_route=%2Fwp%2Fv2%2Fcomments&post=9"}],"version-history":[{"count":6,"href":"http:\/\/santa.flamenco.lv\/index.php?rest_route=\/wp\/v2\/pages\/9\/revisions"}],"predecessor-version":[{"id":120,"href":"http:\/\/santa.flamenco.lv\/index.php?rest_route=\/wp\/v2\/pages\/9\/revisions\/120"}],"wp:attachment":[{"href":"http:\/\/santa.flamenco.lv\/index.php?rest_route=%2Fwp%2Fv2%2Fmedia&parent=9"}],"curies":[{"name":"wp","href":"https:\/\/api.w.org\/{rel}","templated":true}]}}