{"id":7,"date":"2014-11-03T16:10:12","date_gmt":"2014-11-03T16:10:12","guid":{"rendered":"http:\/\/santa.flamenco.lv\/?page_id=7"},"modified":"2014-11-04T17:49:37","modified_gmt":"2014-11-04T17:49:37","slug":"nodarbibas","status":"publish","type":"page","link":"http:\/\/santa.flamenco.lv\/?page_id=7","title":{"rendered":"Nodarb\u012bbas"},"content":{"rendered":"<div class=\"col12\">\n<div class=\"col6 fleft rspacer\">\n<h3><a href=\"http:\/\/santa.flamenco.lv\/?page_id=15\">Deju studija &#8220;<u>Ritmo<\/u>&#8220;<\/a><\/h3>\n<p>Audz\u0113k\u0146u vecums &#8211; b\u0113rni un jaunie\u0161i no 5 l\u012bdz 10 gadiem.<br \/>\n<br \/>Nodarb\u012bbas notiek BJC &#8220;Kurzeme&#8221;, Imantas iela 11a, R\u012bga<\/p>\n<ul class=\"default-list\">\n<li>Tre\u0161dienas 18:00<\/li>\n<li>Piektdienas 18:00<\/li>\n<\/ul>\n<\/div>\n<div class=\"col6 fleft\"><img src=\"http:\/\/santa.flamenco.lv\/wp-content\/uploads\/2014\/11\/IMG_0028.jpg\" alt=\"\" \/><\/div>\n<p><br clear=\"all\"\/><\/div>\n<div class=\"col12\" style=\"margin-top: 20px;\">\n<div class=\"col6 fleft rspacer\">\n<h3><a href=\"http:\/\/santa.flamenco.lv\/?page_id=18\">Deju studija &#8220;<u>Flamenco<\/u>&#8220;<\/a><\/h3>\n<p>Audz\u0113k\u0146u vecums &#8211; b\u0113rni un jaunie\u0161i no 10 l\u012bdz 25 gadiem.<br \/>\n<br \/>Nodarb\u012bbas notiek BJC &#8220;Kurzeme&#8221;, Imantas iela 11a, R\u012bga<\/p>\n<ul class=\"default-list\">\n<li>Pirmdienas 20:00<\/li>\n<li>Tre\u0161dienas 19:00<\/li>\n<\/ul>\n<\/div>\n<div class=\"col6 fleft\"><img src=\"http:\/\/santa.flamenco.lv\/wp-content\/uploads\/2014\/11\/IMG_2171.jpg\" alt=\"\" \/><\/div>\n<p><br clear=\"all\"\/><\/div>\n<div class=\"col12\" style=\"margin-top: 20px;\">\n<div class=\"col6 fleft rspacer\">\n<h3><a href=\"http:\/\/santa.flamenco.lv\/?page_id=21\">Deju studija &#8220;<u>Santaflamenco<\/u>&#8220;<\/a><\/h3>\n<p>Nodarb\u012bbas notiek La\u010dplesa iela 125, R\u012bga<\/p>\n<ul class=\"default-list\">\n<li>Otrdien\u0101s  18:00 \u2013 19:00<\/li>\n<li>Ceturtdien\u0101s 18.00 \u2013 19.30<\/li>\n<\/ul>\n<\/div>\n<div class=\"col6 fleft\"><img src=\"http:\/\/santa.flamenco.lv\/wp-content\/uploads\/2014\/11\/IMG_1685.jpg\" alt=\"\" \/><\/div>\n<p><br clear=\"all\"\/><\/div>\n","protected":false},"excerpt":{"rendered":"<p>Deju studija &#8220;Ritmo&#8220; Audz\u0113k\u0146u vecums &#8211; b\u0113rni un jaunie\u0161i no 5 l\u012bdz 10 gadiem. Nodarb\u012bbas notiek BJC &#8220;Kurzeme&#8221;, Imantas iela 11a, R\u012bga Tre\u0161dienas 18:00 Piektdienas 18:00 Deju studija &#8220;Flamenco&#8220; Audz\u0113k\u0146u vecums &#8211; b\u0113rni un jaunie\u0161i no 10 l\u012bdz 25 gadiem. &hellip; <a href=\"http:\/\/santa.flamenco.lv\/?page_id=7\">Continue reading <span class=\"meta-nav\">&rarr;<\/span><\/a><\/p>\n","protected":false},"author":1,"featured_media":0,"parent":0,"menu_order":0,"comment_status":"closed","ping_status":"closed","template":"","meta":[],"_links":{"self":[{"href":"http:\/\/santa.flamenco.lv\/index.php?rest_route=\/wp\/v2\/pages\/7"}],"collection":[{"href":"http:\/\/santa.flamenco.lv\/index.php?rest_route=\/wp\/v2\/pages"}],"about":[{"href":"http:\/\/santa.flamenco.lv\/index.php?rest_route=\/wp\/v2\/types\/page"}],"author":[{"embeddable":true,"href":"http:\/\/santa.flamenco.lv\/index.php?rest_route=\/wp\/v2\/users\/1"}],"replies":[{"embeddable":true,"href":"http:\/\/santa.flamenco.lv\/index.php?rest_route=%2Fwp%2Fv2%2Fcomments&post=7"}],"version-history":[{"count":12,"href":"http:\/\/santa.flamenco.lv\/index.php?rest_route=\/wp\/v2\/pages\/7\/revisions"}],"predecessor-version":[{"id":103,"href":"http:\/\/santa.flamenco.lv\/index.php?rest_route=\/wp\/v2\/pages\/7\/revisions\/103"}],"wp:attachment":[{"href":"http:\/\/santa.flamenco.lv\/index.php?rest_route=%2Fwp%2Fv2%2Fmedia&parent=7"}],"curies":[{"name":"wp","href":"https:\/\/api.w.org\/{rel}","templated":true}]}}