{"id":2,"date":"2014-11-03T15:47:55","date_gmt":"2014-11-03T15:47:55","guid":{"rendered":"http:\/\/santa.flamenco.lv\/?page_id=2"},"modified":"2015-04-16T08:29:29","modified_gmt":"2015-04-16T08:29:29","slug":"sample-page","status":"publish","type":"page","link":"http:\/\/santa.flamenco.lv\/","title":{"rendered":"Par mums"},"content":{"rendered":"<div class=\"col6 fleft rspacer\">\n<p class=\"text-i\">Studija \u201cFlamenco\u201d past\u0101v kop\u0161 2001. gada. Katru gadu vair\u0101k k\u0101 40 b\u0113rnu apg\u016bst flamenko dejas tehniku, ritmus un horeogr\u0101fijas. Pirmajos gados uz\u0146emtu b\u0113rni tagad jau ir augstskolu studenti un uzkr\u0101ju\u0161i pieredzi dal\u012bbai da\u017e\u0101dos pas\u0101kumos. Audz\u0113k\u0146i g\u016bst ar\u012b starptautiskas godalgas gan grupu kategorij\u0101, gan solo.<\/p>\n<p class=\"text-i\">Kop\u0161 2003. gada studija \u201cFlamenco\u201d pied\u0101las Starptautiskaj\u0101 Deju Forum\u0101 \u2013 R\u012bg\u0101, kur\u0101 katru gadu sa\u0146em diplomus 1. un 2. pak\u0101pe.<\/p>\n<p>&nbsp;<br \/>\n2005. g. Studija \u201cFlamenco\u201d ir piedal\u012bjusies 1. starptautiskaj\u0101 b\u0113rnu un jaunie\u0161u flamenko dejas festiv\u0101l\u0101 R\u012bg\u0101, sa\u0146emot 1. un 2. vietas grupu kategorij\u0101.<br \/>\n2005. gad\u0101 \u2013 Studija \u201cFlamenco\u201d sa\u0146\u0113ma gada balvu intere\u0161u izgl\u012bt\u012bb\u0101.<br \/>\n2007. g. dal\u012bba pas\u0101kum\u0101 \u201cR\u012bgas sv\u0113tki\u201d.<br \/>\n2010. g. piedal\u012bj\u0101s 15. Starptautiskaj\u0101 Baleta festiv\u0101la koncert\u0101.<br \/>\n2011. dal\u012bba starptautisk\u0101 dejas m\u0101kslas izst\u0101de \u201cMagic Dance\u201d. Diploms par 3. vietu.\n<\/div>\n<div class=\"col6 fleft\"><img src=\"http:\/\/santa.flamenco.lv\/wp-content\/uploads\/2014\/11\/IMG_2475.jpg\" alt=\"\" \/><\/div>\n<div class=\"col12\">\n2011. Starptautiskaj\u0101 b\u0113rnu un jaunie\u0161u flamenko festiv\u0101l\u0101.<br \/>\n<span class=\"tab-30\">1. vieta Nomin\u0101cij\u0101: Jaunie\u0161u duets Sevillanas;<br \/>\n<span class=\"tab-30\">1. vieta Nomin\u0101cij\u0101: B\u0113rnu duets  Sevillanas;<br \/>\n<span class=\"tab-30\">2. vieta Nomin\u0101cij\u0101: Jaunie\u0161u solo Rumbas (L\u0101sma Kasatkina).<br \/>\n2012. Starptautiskais Baltijas v\u0113derdeju un flamenko festiv\u0101ls.<br \/>\n<span class=\"tab-30\">2. vieta duetu grup\u0101;<br \/>\n<span class=\"tab-30\">1. vieta solo (Elizabete Brovaka).<br \/>\n2012. Starptautiskais deju festiv\u0101ls \u201cKara\u013cu deja\u201d 3.vieta grupas nomin\u0101cija.<br \/>\n2012. gad\u0101 &#8211; Pateic\u012bba no R\u012bgas domes par sasniegumiem dejas m\u0101ksl\u0101.<br \/>\n2013. gad\u0101 &#8211; Magic Dance Expo 2013 II vieta grupu nomin\u0101cij\u0101.<br \/>\n2012, 2013, 2014 dal\u012bba P\u0101rdaugavas sv\u0113tkos Ark\u0101dija park\u0101.<br \/>\nSekm\u012bga sadarb\u012bba ar sp\u0101\u0146u valodas apm\u0101c\u012bbas centru Picasso.<br \/>\n<\/p>\n<p class=\"text-i\">2011. g. septembr\u012b tika nodibin\u0101ta deju studija \u201cRitmo\u201d 5-7 gadu veciem b\u0113rniem ar domu sagatavot t\u0101l\u0101kai flamenko deju apm\u0101c\u012bbai studij\u0101 \u201cFlamenko\u201d. K\u0101 patst\u0101v\u012bgs kolekt\u012bvs \u201cRitmo\u201d piedal\u0101s da\u017e\u0101dos pas\u0101kumus.<\/p>\n<p>&nbsp;<br \/>\n2013. g. Magic Dance Expo 2013, 3. vieta.<br \/>\n2014. g. Deju Forums R\u012bg\u0101, atzin\u012bbas raksts.<br \/>\n2015. g. Deju Forums R\u012bg\u0101, 2. pak\u0101pe.<\/p>\n<p>&nbsp;<\/p>\n<p>Deju studija \u201cSantaflamenco\u201d flamenko deju apg\u016bst d\u0101mas. Vi\u0146i ar\u012b piedal\u012bju\u0161as 2013. Starptautiska v\u0113derdeju un flamenko deju festiv\u0101l\u0101 un ieguva 1. vietu par deju Sevillanas sav\u0101 vecuma grup\u0101.<\/p>\n<\/div>\n<h2>Deju studija pasniedz\u0113ja &#8211; Santa Kasatkina<\/h2>\n<div class=\"col6 fleft rspacer\">\n<h3>IZGL\u012aT\u012aBA<\/h3>\n<p>2013. \t Apliec\u012bba \u201cKlasisk\u0101 mas\u0101\u017ea\u201d Nr.653<br \/>\n2013. \t Apliec\u012bba \u201cPar 3. pedagogu profesion\u0101l\u0101s darb\u012bbas kvalit\u0101tes pak\u0101pi\u201d Nr.07362<br \/>\n2012. \t Apliec\u012bba \u201cAktualit\u0101tes un novit\u0101tes m\u016bsdienu dejas treni\u0146u metodik\u0101\u201d Nr.12\/069<br \/>\n2012. \t Apliec\u012bba \u201cAkrob\u0101tikas pamatu izmanto\u0161ana m\u016bsdienu dej\u0101\u201d Nr.12\/300<br \/>\n2011. \t Apliec\u012bba \u201cAtkar\u012bbas profilakses izgl\u012bt\u012bbas programma soci\u0101lajiem pedagogiem un skolu psihologiem\u201d Nr.287-2011<br \/>\n2010.2009. \tDiploms \u201cAtkar\u012bbas profilakses izgl\u012bt\u012bbas programma darb\u0101 ar b\u0113rniem un jaunie\u0161iem\u201d,\u201dAktualit\u0101tes un novit\u0101tes tautas un m\u016bsdienu dejas m\u0101c\u012b\u0161anas metodik\u0101\u201d Apliec\u012bba Nr.09\/037.<br \/>\n2007. \tSertifik\u0101ts par Cantinas apg\u016b\u0161anu (Malaga).<br \/>\n2006. \tTALLER FLAMENCO. Sertifik\u0101ts par flamenko tehnikas un dejas apg\u016b\u0161anu.<br \/>\n\tTALLER FLAMENCO. Sertifik\u0101ts par bata de cola tehnikas un dejas apg\u016b\u0161anu.<br \/>\n2005. \tKELIPE ESTUDIO FLAMENCO. Sertifik\u0101ts par Bulerias un Tangos Gitanos apg\u016b\u0161anu.<br \/>\nESTUDIO DE BAILE PILAR SOTO. Diploms par Savillanas un Garrotin apg\u016b\u0161anu.<br \/>\n2004.\u20132005. \tRTU Humanit\u0101rais instit\u016bts.<br \/>\nDiploms \u2013 I l\u012bme\u0146a profesion\u0101l\u0101 augst\u0101k\u0101 izgl\u012bt\u012bba pedago\u0123ij\u0101.<br \/>\n1969.\u20131976. \tR\u012bgas 3. m\u016bzikas skola.<br \/>\n1967.\u20131978. \tR\u012bgas 25. vidusskola.\n<\/p><\/div>\n<div class=\"col6 fleft\"><img src=\"http:\/\/santa.flamenco.lv\/wp-content\/uploads\/2014\/11\/IMG_2278.jpg\" alt=\"\" \/><\/div>\n<div class=\"col12\">\n<h3>RADO\u0160AIS DARBS<\/h3>\n<h3>DEJU HOREOGR\u0100FIJAS<\/h3>\n<p>2012. \t Rumba<br \/>\n2010.2009. \tAlegrias bata de cola horeografija, Guajiras horeografija,<br \/>\n2008. \tFandangos horeografija.<br \/>\n2007. \tAlegrias con bata de cola horeografija.<br \/>\n2006. \tTangos horeografija.<br \/>\n2004. \tTangos-Rumba, Alegrias.<\/p>\n<h3>ORGANIZ\u0112TIE PAS\u0100KUMI<\/h3>\n<p>2.Staptautiskias b\u0113rnu un jaunie\u0161u flamenko deju festiv\u0101ls &#8211; 2011.<br \/>\n\u2018Flamenco de mi alma\u2019 flamenko concerts , Imantas Kult\u016bras un atp\u016btas centrs &#8211; 2009.<br \/>\nkoncerts \u2018Ziemas d\u0101rzs\u2019, Dailes te\u0101tris &#8211; 2008.<br \/>\nEksotisko deju centra \u2018Alegria\u2019 Atskaites concerts, VEF Kult\u016bras  pils &#8211; 2005<br \/>\nLatvijas b\u0113rnu un jaunie\u0161u Austrumu deju festiv\u0101ls \u2018Fatme\u2019,  Imantas Kult\u016bras un atp\u016btas centrs &#8211; 2004<br \/>\nI Starptautiskai sb\u0113rnu un jaunie\u0161u flamenko deju festiv\u0101ls,Imantas Kult\u016bras un atp\u016btas centrs &#8211; 2005<\/p>\n<h3>PUBLIK\u0100CIJAS PAR MANI<\/h3>\n<p>2009.         \u017eurn\u0101ls  \u2018Ievas vesel\u012bba\u2019<br \/>\n2007.         \u017eurn\u0101ls   \u201936,6\u2019<br \/>\n2005.        \u2019NEATKAR\u012aG\u0100\u2019  av\u012bze<\/p>\n<h3>TEOR\u0112TISKAIS DARBS<\/h3>\n<p>2005 \u201eIntere\u0161u izgl\u012bt\u012bba person\u012bbas att\u012bst\u012bbai pieaugu\u0161ajiem\u201d. Vad\u012bt\u0101ja doc. I. Vadone.<br \/>\n2004 \u201eM\u0101c\u012bbu metodes pusaud\u017eu un pieaugu\u0161o deju kursos\u201d. Vad\u012bt\u0101ja doc. I. Vadone.<\/p>\n<h3>APMEKL\u0112T\u0100S MEISTARKLASES<\/h3>\n<p>05\/2009 10\/2010 Fandangos de Huelva .Simon Besa .1.Starptautiskais Baltijas v\u0113derdeju un flamenko kongress, J\u016brmala<\/p>\n<p>07\/2009 Tangos un Alborea, Anne Andersone (Roja)<br \/>\nGuajiras, Jesus Fernandez (Birmingema)<\/p>\n<p>02\/2009 Bamberas, Maria Raak (R\u012bga)<\/p>\n<p>07\/2008 Zambra, Anne Andersone (R\u012bga)<\/p>\n<p>10\/2007 Cantinas, Pilar Soto (Malaga)<br \/>\n10\/2007 Seguiriyas, Lidia Valle (Sevilla)<br \/>\n04\/2007 Alegrias, Pille Roosi (Riga)<\/p>\n<p>10\/2006 Flamenko tehnika un deja. Felipe Mato(Sevilla)<br \/>\n10\/2006 Bata de cola tehnika un deja. Lidia Valle( Sevilla)<br \/>\n01\/2006 Tangos. I.Frolova(R\u012bga)<br \/>\n10\/2005 Bulerias un Tangos Gitanos. Yedra(Malaga)<br \/>\n10\/2005 Sevillanas un Garrotin. Pilar Soto (Malaga)<br \/>\n08\/2005 Solea. Pille Roosi (R\u012bg\u0101)<br \/>\n02\/2005 Fandangos. Pille Roosi. R\u012bg\u0101.<br \/>\n08\/2004 Bulerias. T\u012bna Pikas (Kaltene)<br \/>\n04\/2004 Rumba. T\u012bna Pikas (Tartu)<br \/>\n03\/2004 Kasta\u0146etes. Marta Alberinga (R\u012bg\u0101)<br \/>\n02\/2004 Alegrias. Mare Paak (R\u012bg\u0101)<br \/>\n01\/2004 Columbianas. Pille Rosi (R\u012bg\u0101)<br \/>\n11\/2003 Sevillanas. T\u012bna Pikas (Tartu)<br \/>\n09\/2003 Tangos. Pille Roosi (R\u012bg\u0101)<br \/>\n04\u201306\/2003 Kasta\u0146etes. Marta Alberinga (R\u012bg\u0101)<br \/>\n10\/2002 Tangos. Ivans Montoja (Tartu)<br \/>\n09\/2002 Alegrias. Pille Roosi (R\u012bg\u0101)<br \/>\n08\/2002 Guajiras. T\u012bna Pikas (Kalten\u0113)<br \/>\n12\/2001 Alegrias. Pille Roosi (R\u012bg\u0101)<br \/>\n10\/2001 Tangos. Klaudija \u0160ev\u010denko (R\u012bg\u0101)<br \/>\n08\/2001 Rumba. Pille Roosi (R\u012bg\u0101)<br \/>\n01\/2001 Flamenko tehnika. Vija V\u0113tra (R\u012bg\u0101)<br \/>\n11\/2000 Sevillanas. Pille Roosi (R\u012bg\u0101)<\/p>\n<h3>PASNIEGT\u0100S MEISTARKLASES<\/h3>\n<p>10\/2010 Tangoss (medium),1.Starptautiskais Baltijas v\u0113derdeju un flamenko kongress<br \/>\n10\/2010 Rumba ( beginers), 1. Starptautiskis Baltijas v\u0113derdeju un flamenko kongress<br \/>\n2013. \t Dejas diena Esplan\u0101d\u0113, R\u012bgas sv\u0113tkos 2013<br \/>\n2012. \t 2. starptautiskais Belly Dance &#038; Flamenco kongress<br \/>\n2011. \t 1. starptautiskais Belly Dance &#038; Flamenco kongress<br \/>\n2008. \tFlamenko tehnika Dejas un m\u0101kslas terapijas studentiem, RSU.<br \/>\n2008. \tProjekts \u2013 Deja, sadarb\u012bb\u0101 ar R\u0113ziju Kalni\u0146u TV raid\u012bjumam \u201cDejo ar zvaigzni\u201d.<br \/>\n2007. \tSevillanas. K\u0101 viena no b\u0113rnu un jaunie\u0161u starptautisk\u0101s biedr\u012bbas \u201cEVENTUS\u201d r\u012bkot\u0101s Pedagogu t\u0101l\u0101kizgl\u012bt\u012bbas programmas sada\u013c\u0101m.<br \/>\n2005.-2006. \tSevillanas. A.Saharovas baletskol\u0101.<br \/>\n2005. \tSevillanas. Praktisk\u0101s Est\u0113tikas skolas deju grupai, BJC \u201cKurzeme\u201d.<br \/>\n2004. \tKasta\u0146etes. Eksotisko deju centra \u201eAlegria\u201d vasaras nometn\u0113 Kalten\u0113.<br \/>\n2003. \tSevillanas. Latvijas deju skolot\u0101ju vasaras nometn\u0113 J\u0101\u0146mui\u017e\u0101.<\/p>\n<h3>PA\u0160LAIK FLAMENKO DEJAS PASNIEDZU<\/h3>\n<p>RD Izgl\u012bt\u012bbas, kult\u016bras un sporta departments BJC \u201cKurzeme\u201d, studija \u201cFlamenco\u201d, \u201cRitmo\u201d, Imantas iela 11a, R\u012bga<\/p>\n<p>Deju studija \u201cSantaflamenco\u201d, L\u0101\u010dpl\u0113\u0161a iel\u0101 125\n<\/p><\/div>\n","protected":false},"excerpt":{"rendered":"<p>Studija \u201cFlamenco\u201d past\u0101v kop\u0161 2001. gada. Katru gadu vair\u0101k k\u0101 40 b\u0113rnu apg\u016bst flamenko dejas tehniku, ritmus un horeogr\u0101fijas. Pirmajos gados uz\u0146emtu b\u0113rni tagad jau ir augstskolu studenti un uzkr\u0101ju\u0161i pieredzi dal\u012bbai da\u017e\u0101dos pas\u0101kumos. Audz\u0113k\u0146i g\u016bst ar\u012b starptautiskas godalgas gan &hellip; <a href=\"http:\/\/santa.flamenco.lv\/\">Continue reading <span class=\"meta-nav\">&rarr;<\/span><\/a><\/p>\n","protected":false},"author":1,"featured_media":0,"parent":0,"menu_order":0,"comment_status":"open","ping_status":"open","template":"homepage.php","meta":[],"_links":{"self":[{"href":"http:\/\/santa.flamenco.lv\/index.php?rest_route=\/wp\/v2\/pages\/2"}],"collection":[{"href":"http:\/\/santa.flamenco.lv\/index.php?rest_route=\/wp\/v2\/pages"}],"about":[{"href":"http:\/\/santa.flamenco.lv\/index.php?rest_route=\/wp\/v2\/types\/page"}],"author":[{"embeddable":true,"href":"http:\/\/santa.flamenco.lv\/index.php?rest_route=\/wp\/v2\/users\/1"}],"replies":[{"embeddable":true,"href":"http:\/\/santa.flamenco.lv\/index.php?rest_route=%2Fwp%2Fv2%2Fcomments&post=2"}],"version-history":[{"count":23,"href":"http:\/\/santa.flamenco.lv\/index.php?rest_route=\/wp\/v2\/pages\/2\/revisions"}],"predecessor-version":[{"id":39,"href":"http:\/\/santa.flamenco.lv\/index.php?rest_route=\/wp\/v2\/pages\/2\/revisions\/39"}],"wp:attachment":[{"href":"http:\/\/santa.flamenco.lv\/index.php?rest_route=%2Fwp%2Fv2%2Fmedia&parent=2"}],"curies":[{"name":"wp","href":"https:\/\/api.w.org\/{rel}","templated":true}]}}