{"id":18,"date":"2014-11-03T16:12:12","date_gmt":"2014-11-03T16:12:12","guid":{"rendered":"http:\/\/santa.flamenco.lv\/?page_id=18"},"modified":"2014-11-04T17:47:38","modified_gmt":"2014-11-04T17:47:38","slug":"%e2%80%9cflamenko%e2%80%9d","status":"publish","type":"page","link":"http:\/\/santa.flamenco.lv\/?page_id=18","title":{"rendered":"\u201cFlamenco\u201d"},"content":{"rendered":"<div class=\"col12\">\n<div class=\"col6 fleft rspacer\">\n<h3>Deju studija &#8220;Flamenco&#8221;<\/h3>\n<p>Audz\u0113k\u0146u vecums &#8211; b\u0113rni un jaunie\u0161i no 10 l\u012bdz 25 gadiem.<br \/>\n<br \/>M\u0113r\u0137is &#8211; apg\u016bt da\u017e\u0101das flamenko stila dejas, veicin\u0101t b\u0113rna un jaunie\u0161a pa\u0161apliecin\u0101\u0161an\u0101s iesp\u0113jas, redzes loka papla\u0161i\u0146\u0101snos,  izzinot Sp\u0101nijas tautas m\u016bziku un  deju m\u0101kslu, Sp\u0101nijas nacion\u0101lo kult\u016bru.<\/p>\n<p>&nbsp;<\/p>\n<p><strong>Uzdevumi:<\/strong><\/p>\n<ul class=\"default-list\">\n<li>\n<li>veicin\u0101t \u0137erme\u0146a kust\u012bbu koordin\u0101ciju un fizisko att\u012bst\u012bbu;<\/li>\n<li>emocion\u0101l\u0101s un j\u016btu pasaules att\u012bst\u012bbu;<\/li>\n<li>bag\u0101tin\u0101t ska\u0146u un ritma pieredzi;<\/li>\n<li>att\u012bst\u012bt atmi\u0146u un gribu.<\/li>\n<\/ul>\n<p>Skat\u012bt\u0101jus noteikti aizraus skaistie t\u0113rpi, stalt\u0101 dejot\u0101ju st\u0101ja un ritms. Flamenko m\u016bzika ir gan \u0101tra, ar raksturu, gan smeldz\u012bga, bet vienaldz\u012bgu t\u0101 neatst\u0101j noteikti nevienu.<br \/>\n<br \/>Nodarb\u012bbas notiek BJC &#8220;Kurzeme&#8221;, Imantas iela 11a, R\u012bga<\/p>\n<ul class=\"default-list\">\n<li>Pirmdienas 20:00<\/li>\n<li>Tre\u0161dienas 19:00<\/li>\n<\/ul>\n<\/div>\n<div class=\"col6 fleft\"><img src=\"http:\/\/santa.flamenco.lv\/wp-content\/uploads\/2014\/11\/IMG_2171.jpg\" alt=\"\" \/><\/div>\n<p><br clear=\"all\"\/><\/div>\n","protected":false},"excerpt":{"rendered":"<p>Deju studija &#8220;Flamenco&#8221; Audz\u0113k\u0146u vecums &#8211; b\u0113rni un jaunie\u0161i no 10 l\u012bdz 25 gadiem. M\u0113r\u0137is &#8211; apg\u016bt da\u017e\u0101das flamenko stila dejas, veicin\u0101t b\u0113rna un jaunie\u0161a pa\u0161apliecin\u0101\u0161an\u0101s iesp\u0113jas, redzes loka papla\u0161i\u0146\u0101snos, izzinot Sp\u0101nijas tautas m\u016bziku un deju m\u0101kslu, Sp\u0101nijas nacion\u0101lo kult\u016bru. &hellip; <a href=\"http:\/\/santa.flamenco.lv\/?page_id=18\">Continue reading <span class=\"meta-nav\">&rarr;<\/span><\/a><\/p>\n","protected":false},"author":1,"featured_media":0,"parent":0,"menu_order":0,"comment_status":"closed","ping_status":"closed","template":"","meta":[],"_links":{"self":[{"href":"http:\/\/santa.flamenco.lv\/index.php?rest_route=\/wp\/v2\/pages\/18"}],"collection":[{"href":"http:\/\/santa.flamenco.lv\/index.php?rest_route=\/wp\/v2\/pages"}],"about":[{"href":"http:\/\/santa.flamenco.lv\/index.php?rest_route=\/wp\/v2\/types\/page"}],"author":[{"embeddable":true,"href":"http:\/\/santa.flamenco.lv\/index.php?rest_route=\/wp\/v2\/users\/1"}],"replies":[{"embeddable":true,"href":"http:\/\/santa.flamenco.lv\/index.php?rest_route=%2Fwp%2Fv2%2Fcomments&post=18"}],"version-history":[{"count":7,"href":"http:\/\/santa.flamenco.lv\/index.php?rest_route=\/wp\/v2\/pages\/18\/revisions"}],"predecessor-version":[{"id":101,"href":"http:\/\/santa.flamenco.lv\/index.php?rest_route=\/wp\/v2\/pages\/18\/revisions\/101"}],"wp:attachment":[{"href":"http:\/\/santa.flamenco.lv\/index.php?rest_route=%2Fwp%2Fv2%2Fmedia&parent=18"}],"curies":[{"name":"wp","href":"https:\/\/api.w.org\/{rel}","templated":true}]}}