{"id":11,"date":"2014-11-03T16:10:53","date_gmt":"2014-11-03T16:10:53","guid":{"rendered":"http:\/\/santa.flamenco.lv\/?page_id=11"},"modified":"2016-05-30T09:23:42","modified_gmt":"2016-05-30T09:23:42","slug":"galerija","status":"publish","type":"page","link":"http:\/\/santa.flamenco.lv\/?page_id=11","title":{"rendered":"Galerija"},"content":{"rendered":"<div class=\"col12\">\u0160aj\u0101 sada\u013ca ir izvietota bil\u017eu galerija un video ierakstu arh\u012bvs.<br \/>\n<br \/><b>Galerijas:<\/b><\/p>\n<p><a href=\"http:\/\/santa.flamenco.lv\/?page_id=166\">Tallinn, 2016<\/a><\/p>\n<p><a href=\"http:\/\/santa.flamenco.lv\/?page_id=164\">Sp\u0101nijas diena Kalnciema kvart\u0101l\u0101 2016<\/a><\/p>\n<p><a href=\"http:\/\/santa.flamenco.lv\/?page_id=154\">Deja Pavasarim, Sunta\u017ei, 2016<\/a><\/p>\n<p><a href=\"http:\/\/santa.flamenco.lv\/?page_id=155\">Deju Forums, R\u012bga, 2016<\/a><\/p>\n<p><a href=\"http:\/\/santa.flamenco.lv\/?page_id=149\">&#8220;7 Stars&#8221;, Klaipeda, 2016<\/a><\/p>\n<p><a href=\"http:\/\/santa.flamenco.lv\/?page_id=142\">&#8220;Rudens zvaigznes&#8221;, 2015<\/a><\/p>\n<p><a href=\"http:\/\/santa.flamenco.lv\/?page_id=137\">Tolerances kult\u016bra, Riga Plaza 2015<\/a><\/p>\n<p><a href=\"http:\/\/santa.flamenco.lv\/?page_id=133\">Sp\u0101nijas diena Kalnciema kvart\u0101l\u0101 2015<\/a><\/p>\n<p><a href=\"http:\/\/santa.flamenco.lv\/?page_id=106\">Deju forums &#8220;R\u012bga 2015&#8221;<\/a><\/p>\n<p><a href=\"http:\/\/santa.flamenco.lv\/?page_id=125\">Sp\u0101nijas diena Kalnciema kvart\u0101l\u0101 2014<\/a><\/p>\n<p>&nbsp;<br \/>&nbsp;<br \/>\n<br \/><iframe loading=\"lazy\" width=\"560\" height=\"315\" src=\"\/\/www.youtube.com\/embed\/IsmONpvExOI\" frameborder=\"0\" allowfullscreen><\/iframe><br \/>\n<br \/><iframe loading=\"lazy\" width=\"560\" height=\"315\" src=\"\/\/www.youtube.com\/embed\/tt7sSU4Fty8\" frameborder=\"0\" allowfullscreen><\/iframe><br \/>\n<br \/><iframe loading=\"lazy\" width=\"560\" height=\"315\" src=\"\/\/www.youtube.com\/embed\/vZw-uyThnp8\" frameborder=\"0\" allowfullscreen><\/iframe><br \/>\n<br \/><iframe loading=\"lazy\" width=\"560\" height=\"315\" src=\"\/\/www.youtube.com\/embed\/FlF4SDNlj2U\" frameborder=\"0\" allowfullscreen><\/iframe><br \/>\n<br \/><iframe loading=\"lazy\" width=\"560\" height=\"315\" src=\"\/\/www.youtube.com\/embed\/RVjFUlIwNlc\" frameborder=\"0\" allowfullscreen><\/iframe><br \/>\n<br \/><iframe loading=\"lazy\" width=\"560\" height=\"315\" src=\"\/\/www.youtube.com\/embed\/xUyuRyr-_bs\" frameborder=\"0\" allowfullscreen><\/iframe><br \/>\n<br \/><iframe loading=\"lazy\" width=\"560\" height=\"315\" src=\"\/\/www.youtube.com\/embed\/zvPK2JaskmU\" frameborder=\"0\" allowfullscreen><\/iframe><br \/>\n<br \/><iframe loading=\"lazy\" width=\"560\" height=\"315\" src=\"\/\/www.youtube.com\/embed\/f3VE_lYYxPw\" frameborder=\"0\" allowfullscreen><\/iframe>\n<\/div>\n","protected":false},"excerpt":{"rendered":"<p>\u0160aj\u0101 sada\u013ca ir izvietota bil\u017eu galerija un video ierakstu arh\u012bvs. Galerijas: Tallinn, 2016 Sp\u0101nijas diena Kalnciema kvart\u0101l\u0101 2016 Deja Pavasarim, Sunta\u017ei, 2016 Deju Forums, R\u012bga, 2016 &#8220;7 Stars&#8221;, Klaipeda, 2016 &#8220;Rudens zvaigznes&#8221;, 2015 Tolerances kult\u016bra, Riga Plaza 2015 Sp\u0101nijas diena &hellip; <a href=\"http:\/\/santa.flamenco.lv\/?page_id=11\">Continue reading <span class=\"meta-nav\">&rarr;<\/span><\/a><\/p>\n","protected":false},"author":1,"featured_media":0,"parent":0,"menu_order":0,"comment_status":"closed","ping_status":"closed","template":"","meta":[],"_links":{"self":[{"href":"http:\/\/santa.flamenco.lv\/index.php?rest_route=\/wp\/v2\/pages\/11"}],"collection":[{"href":"http:\/\/santa.flamenco.lv\/index.php?rest_route=\/wp\/v2\/pages"}],"about":[{"href":"http:\/\/santa.flamenco.lv\/index.php?rest_route=\/wp\/v2\/types\/page"}],"author":[{"embeddable":true,"href":"http:\/\/santa.flamenco.lv\/index.php?rest_route=\/wp\/v2\/users\/1"}],"replies":[{"embeddable":true,"href":"http:\/\/santa.flamenco.lv\/index.php?rest_route=%2Fwp%2Fv2%2Fcomments&post=11"}],"version-history":[{"count":19,"href":"http:\/\/santa.flamenco.lv\/index.php?rest_route=\/wp\/v2\/pages\/11\/revisions"}],"predecessor-version":[{"id":62,"href":"http:\/\/santa.flamenco.lv\/index.php?rest_route=\/wp\/v2\/pages\/11\/revisions\/62"}],"wp:attachment":[{"href":"http:\/\/santa.flamenco.lv\/index.php?rest_route=%2Fwp%2Fv2%2Fmedia&parent=11"}],"curies":[{"name":"wp","href":"https:\/\/api.w.org\/{rel}","templated":true}]}}